{"id":750,"date":"2024-01-30T10:23:59","date_gmt":"2024-01-30T10:23:59","guid":{"rendered":"https:\/\/wateralia.com\/?page_id=750"},"modified":"2024-03-07T12:45:00","modified_gmt":"2024-03-07T12:45:00","slug":"privacy-policy-per-clienti-e-fornitori","status":"publish","type":"page","link":"https:\/\/wateralia.com\/it\/privacy-policy-per-clienti-e-fornitori\/","title":{"rendered":"Privacy Policy per clienti e fornitori"},"content":{"rendered":"[vc_row type=&#8221;full_width_content&#8221; full_screen_row_position=&#8221;middle&#8221; column_margin=&#8221;default&#8221; column_direction=&#8221;default&#8221; column_direction_tablet=&#8221;default&#8221; column_direction_phone=&#8221;default&#8221; scene_position=&#8221;center&#8221; text_color=&#8221;dark&#8221; text_align=&#8221;left&#8221; row_border_radius=&#8221;none&#8221; row_border_radius_applies=&#8221;bg&#8221; overflow=&#8221;visible&#8221; overlay_strength=&#8221;0.3&#8243; gradient_direction=&#8221;left_to_right&#8221; shape_divider_position=&#8221;bottom&#8221; bg_image_animation=&#8221;none&#8221; gradient_type=&#8221;default&#8221; shape_type=&#8221;&#8221;][vc_column top_padding_desktop=&#8221;6%&#8221; constrain_group_100=&#8221;yes&#8221; bottom_padding_desktop=&#8221;6%&#8221; left_padding_desktop=&#8221;10%&#8221; constrain_group_102=&#8221;yes&#8221; left_padding_tablet=&#8221;5%&#8221; constrain_group_103=&#8221;yes&#8221; right_padding_tablet=&#8221;5%&#8221; top_padding_phone=&#8221;10%&#8221; bottom_padding_phone=&#8221;5%&#8221; left_padding_phone=&#8221;5%&#8221; constrain_group_105=&#8221;yes&#8221; right_padding_phone=&#8221;5%&#8221; column_element_direction_desktop=&#8221;default&#8221; column_element_spacing=&#8221;default&#8221; desktop_text_alignment=&#8221;default&#8221; tablet_text_alignment=&#8221;default&#8221; phone_text_alignment=&#8221;default&#8221; sticky_content=&#8221;true&#8221; sticky_content_functionality=&#8221;js&#8221; background_color_opacity=&#8221;1&#8243; background_hover_color_opacity=&#8221;1&#8243; column_backdrop_filter=&#8221;none&#8221; column_shadow=&#8221;none&#8221; column_border_radius=&#8221;none&#8221; column_link_target=&#8221;_self&#8221; column_position=&#8221;default&#8221; gradient_direction=&#8221;left_to_right&#8221; overlay_strength=&#8221;0.3&#8243; width=&#8221;1\/3&#8243; tablet_width_inherit=&#8221;default&#8221; animation_type=&#8221;default&#8221; bg_image_animation=&#8221;none&#8221; border_type=&#8221;simple&#8221; column_border_width=&#8221;none&#8221; column_border_style=&#8221;solid&#8221; column_padding_type=&#8221;advanced&#8221; gradient_type=&#8221;default&#8221;][vc_row_inner column_margin=&#8221;default&#8221; column_direction=&#8221;default&#8221; column_direction_tablet=&#8221;default&#8221; column_direction_phone=&#8221;default&#8221; text_align=&#8221;left&#8221; row_position=&#8221;default&#8221; row_position_tablet=&#8221;inherit&#8221; row_position_phone=&#8221;inherit&#8221; overflow=&#8221;visible&#8221; pointer_events=&#8221;all&#8221;][vc_column_inner column_padding=&#8221;no-extra-padding&#8221; column_padding_tablet=&#8221;inherit&#8221; column_padding_phone=&#8221;inherit&#8221; column_padding_position=&#8221;all&#8221; column_element_direction_desktop=&#8221;default&#8221; column_element_spacing=&#8221;default&#8221; desktop_text_alignment=&#8221;default&#8221; tablet_text_alignment=&#8221;default&#8221; phone_text_alignment=&#8221;default&#8221; background_color_opacity=&#8221;1&#8243; background_hover_color_opacity=&#8221;1&#8243; column_backdrop_filter=&#8221;none&#8221; column_shadow=&#8221;none&#8221; column_border_radius=&#8221;none&#8221; column_link_target=&#8221;_self&#8221; overflow=&#8221;visible&#8221; gradient_direction=&#8221;left_to_right&#8221; overlay_strength=&#8221;0.3&#8243; width=&#8221;1\/1&#8243; tablet_width_inherit=&#8221;default&#8221; animation_type=&#8221;default&#8221; bg_image_animation=&#8221;none&#8221; border_type=&#8221;simple&#8221; column_border_width=&#8221;none&#8221; column_border_style=&#8221;solid&#8221;][vc_column_text]\n<h1>Privacy Policy per clienti e fornitori<\/h1>\n[\/vc_column_text][nectar_cta btn_style=&#8221;underline&#8221; heading_tag=&#8221;p&#8221; button_color=&#8221;default&#8221; button_border_thickness=&#8221;0px&#8221; link_type=&#8221;regular&#8221; alignment=&#8221;left&#8221; alignment_tablet=&#8221;default&#8221; alignment_phone=&#8221;default&#8221; display=&#8221;block&#8221; display_tablet=&#8221;inherit&#8221; display_phone=&#8221;inherit&#8221; icon_family=&#8221;none&#8221; link_text=&#8221;Privacy Policy&#8221; url=&#8221;https:\/\/wateralia.com\/privacy-policy\/&#8221;][nectar_cta btn_style=&#8221;underline&#8221; heading_tag=&#8221;p&#8221; button_color=&#8221;default&#8221; button_border_thickness=&#8221;0px&#8221; link_type=&#8221;regular&#8221; alignment=&#8221;left&#8221; alignment_tablet=&#8221;default&#8221; alignment_phone=&#8221;default&#8221; display=&#8221;block&#8221; display_tablet=&#8221;inherit&#8221; display_phone=&#8221;inherit&#8221; icon_family=&#8221;none&#8221; link_text=&#8221;Informativa e consensi per marketing&#8221; url=&#8221;https:\/\/wateralia.com\/informativa-e-consensi-per-marketing\/&#8221;][nectar_cta btn_style=&#8221;underline&#8221; heading_tag=&#8221;p&#8221; button_color=&#8221;default&#8221; button_border_thickness=&#8221;0px&#8221; link_type=&#8221;regular&#8221; alignment=&#8221;left&#8221; alignment_tablet=&#8221;default&#8221; alignment_phone=&#8221;default&#8221; display=&#8221;block&#8221; display_tablet=&#8221;inherit&#8221; display_phone=&#8221;inherit&#8221; icon_family=&#8221;none&#8221; link_text=&#8221;Informativa e consenso per Newsletter&#8221; url=&#8221;https:\/\/wateralia.com\/informativa-e-consenso-per-newsletter\/&#8221;][nectar_cta btn_style=&#8221;underline&#8221; heading_tag=&#8221;p&#8221; button_color=&#8221;default&#8221; button_border_thickness=&#8221;0px&#8221; link_type=&#8221;regular&#8221; alignment=&#8221;left&#8221; alignment_tablet=&#8221;default&#8221; alignment_phone=&#8221;default&#8221; display=&#8221;block&#8221; display_tablet=&#8221;inherit&#8221; display_phone=&#8221;inherit&#8221; icon_family=&#8221;none&#8221; link_text=&#8221;Cookie Policy&#8221; url=&#8221;https:\/\/wateralia.com\/cookie-policy\/&#8221;][\/vc_column_inner][\/vc_row_inner][\/vc_column][vc_column top_padding_desktop=&#8221;6%&#8221; constrain_group_100=&#8221;yes&#8221; bottom_padding_desktop=&#8221;6%&#8221; left_padding_desktop=&#8221;5%&#8221; right_padding_desktop=&#8221;10%&#8221; column_element_direction_desktop=&#8221;default&#8221; column_element_spacing=&#8221;default&#8221; desktop_text_alignment=&#8221;default&#8221; tablet_text_alignment=&#8221;default&#8221; phone_text_alignment=&#8221;default&#8221; background_color_opacity=&#8221;1&#8243; background_hover_color_opacity=&#8221;1&#8243; column_backdrop_filter=&#8221;none&#8221; column_shadow=&#8221;none&#8221; column_border_radius=&#8221;none&#8221; column_link_target=&#8221;_self&#8221; column_position=&#8221;default&#8221; gradient_direction=&#8221;left_to_right&#8221; overlay_strength=&#8221;0.3&#8243; width=&#8221;2\/3&#8243; tablet_width_inherit=&#8221;default&#8221; animation_type=&#8221;default&#8221; bg_image_animation=&#8221;none&#8221; border_type=&#8221;simple&#8221; column_border_width=&#8221;none&#8221; column_border_style=&#8221;solid&#8221; column_padding_type=&#8221;advanced&#8221; gradient_type=&#8221;default&#8221;][vc_row_inner column_margin=&#8221;default&#8221; column_direction=&#8221;default&#8221; column_direction_tablet=&#8221;default&#8221; column_direction_phone=&#8221;default&#8221; text_align=&#8221;left&#8221; row_position=&#8221;default&#8221; row_position_tablet=&#8221;inherit&#8221; row_position_phone=&#8221;inherit&#8221; overflow=&#8221;visible&#8221; pointer_events=&#8221;all&#8221;][vc_column_inner column_padding=&#8221;no-extra-padding&#8221; column_padding_tablet=&#8221;inherit&#8221; column_padding_phone=&#8221;inherit&#8221; column_padding_position=&#8221;all&#8221; column_element_direction_desktop=&#8221;default&#8221; column_element_spacing=&#8221;default&#8221; desktop_text_alignment=&#8221;default&#8221; tablet_text_alignment=&#8221;default&#8221; phone_text_alignment=&#8221;default&#8221; background_color_opacity=&#8221;1&#8243; background_hover_color_opacity=&#8221;1&#8243; column_backdrop_filter=&#8221;none&#8221; column_shadow=&#8221;none&#8221; column_border_radius=&#8221;none&#8221; column_link_target=&#8221;_self&#8221; overflow=&#8221;visible&#8221; gradient_direction=&#8221;left_to_right&#8221; overlay_strength=&#8221;0.3&#8243; width=&#8221;1\/1&#8243; tablet_width_inherit=&#8221;default&#8221; animation_type=&#8221;default&#8221; bg_image_animation=&#8221;none&#8221; border_type=&#8221;simple&#8221; column_border_width=&#8221;none&#8221; column_border_style=&#8221;solid&#8221;][vc_column_text]\n<p><b>Oggetto: Informativa a clienti e fornitori rilasciata da Wateralia S.p.A.<\/b><\/p>\n<p><b>\u00a0ai sensi dell\u2019art. 13 del Regolamento Europeo 2016\/679<\/b><\/p>\n<p><span style=\"font-weight: 400;\">La presente informativa \u00e8 elaborata e rilasciata ai sensi dell\u2019art. 13 del Regolamento Europeo 2016\/679 (anche detto in seguito semplicemente Regolamento Europeo), il quale ha introdotto significative novit\u00e0 normative.<\/span><\/p>\n<p><span style=\"font-weight: 400;\">La presente informativa quindi, aggiorna e sostituisce eventuali precedenti versioni rilasciate prima d\u2019ora.\u00a0<\/span><\/p>\n<p><span style=\"font-weight: 400;\">Ci\u00f2 premesso, si evidenzia che:<\/span><\/p>\n<p><span style=\"font-weight: 400;\">1) per effetto della costituzione del rapporto commerciale e nel corso dello svolgimento dello stesso, la nostra societ\u00e0 si trover\u00e0 a raccogliere e trattare suoi dati personali;<\/span><\/p>\n<p><span style=\"font-weight: 400;\">2) le specifichiamo sin d\u2019ora per chiarezza, le seguenti definizioni date dal suddetto Regolamento Europeo:<\/span><\/p>\n<p><b>Dato personale:<\/b><span style=\"font-weight: 400;\"> qualsiasi informazione riguardante una persona fisica identificata o identificabile (\u00abinteressato\u00bb); si considera identificabile la persona fisica che pu\u00f2 essere identificata, direttamente o indirettamente, con particolare riferimento a un identificativo come il nome, un numero di identificazione, dati relativi all\u2019ubicazione, un identificativo online o a uno o pi\u00f9 elementi caratteristici della sua identit\u00e0 fisica, fisiologica, genetica, psichica, economica, culturale o sociale;<\/span><\/p>\n<p><b>Trattamento:<\/b><span style=\"font-weight: 400;\"> qualsiasi operazione o insieme di operazioni, compiute con o senza l\u2019ausilio di processi automatizzati e applicate a dati personali o insiemi di dati personali, come la raccolta, la registrazione, l\u2019organizzazione, la strutturazione, la conservazione, l\u2019adattamento o la modifica, l\u2019estrazione, la consultazione, l\u2019uso, la comunicazione mediante trasmissione, diffusione o qualsiasi altra forma di messa a disposizione, il raffronto o l\u2019interconnessione, la limitazione, la cancellazione o la distruzione.<\/span><\/p>\n<p><span style=\"font-weight: 400;\">Ai sensi dell&#8217;articolo 13 del Regolamento Europeo 2016\/679 quindi,\u00a0<\/span><\/p>\n<p><b>la informiamo<\/b><\/p>\n<p><span style=\"font-weight: 400;\">che la raccolta ed il trattamento dei suoi dati personali sar\u00e0 effettuato dalla societ\u00e0 scrivente in conformit\u00e0 a quanto segue:<\/span><\/p>\n<ol>\n<li style=\"font-weight: 400;\" aria-level=\"1\"><b>finalit\u00e0:<\/b><span style=\"font-weight: 400;\"> i dati saranno trattati per il corretto svolgimento degli adempimenti contabili, fiscali, commerciali, tecnici e per tutte le attivit\u00e0 aziendali in genere inerenti al rapporto in essere;\u00a0<\/span><\/li>\n<li style=\"font-weight: 400;\" aria-level=\"1\"><b>finalit\u00e0 pubblicitaria:<\/b><span style=\"font-weight: 400;\"> i dati potranno essere utilizzati, solo previo suo apposito ed esplicito consenso, anche per l\u2019invio di materiale\/comunicazioni pubblicitarie tramite posta, e-mail, fax, sms e similari; dopo aver espresso il consenso, \u00e8 comunque suo diritto opporsi, in qualunque momento e senza spese, al trattamento dei suoi dati per la presente finalit\u00e0;\u00a0\u00a0\u00a0<\/span><\/li>\n<li style=\"font-weight: 400;\" aria-level=\"1\"><b>modalit\u00e0:<\/b><span style=\"font-weight: 400;\"> i dati saranno trattati sia con strumenti\/supporti cartacei che elettronici\/informatici\/telematici, nel pieno rispetto delle norme di legge, secondo principi di liceit\u00e0 e correttezza ed in modo da tutelare la sua riservatezza;\u00a0<\/span><\/li>\n<li style=\"font-weight: 400;\" aria-level=\"1\"><b>conferimento facoltativo:<\/b><span style=\"font-weight: 400;\"> il conferimento dei dati \u00e8 facoltativo e non obbligatorio;\u00a0\u00a0\u00a0\u00a0\u00a0\u00a0\u00a0\u00a0\u00a0\u00a0\u00a0\u00a0\u00a0\u00a0\u00a0\u00a0\u00a0\u00a0\u00a0\u00a0<\/span><\/li>\n<li style=\"font-weight: 400;\" aria-level=\"1\"><b>conseguenze di un eventuale rifiuto:<\/b><span style=\"font-weight: 400;\"> il rifiuto a fornire i dati o l\u2019opposizione al loro trattamento, potr\u00e0 comportare l\u2019impossibilit\u00e0 di instaurare o proseguire ogni rapporto commerciale o di qualsivoglia altra natura con la nostra azienda; il diniego all\u2019utilizzo dei dati per l\u2019invio di materiale\/comunicazioni pubblicitarie, non avr\u00e0 invece alcuna conseguenza sui rapporti intercorrenti presenti o futuri;<\/span><\/li>\n<li style=\"font-weight: 400;\" aria-level=\"1\"><b>soggetti o categorie di soggetti (destinatari) ai quali i dati potranno essere comunicati o diffusi:<\/b><span style=\"font-weight: 400;\"> i dati potranno essere comunicati a terzi solo per assolvere ad obblighi di legge o di natura contrattuale. I dati non saranno in nessun caso diffusi;\u00a0<\/span><\/li>\n<li style=\"font-weight: 400;\" aria-level=\"1\"><b>persone autorizzate al trattamento:<\/b><span style=\"font-weight: 400;\"> i dati saranno trattati dagli addetti aziendali del settore amministrativo e commerciale, appositamente autorizzati;<\/span><\/li>\n<li style=\"font-weight: 400;\" aria-level=\"1\"><b>processi decisionali automatizzati (es. profilazione): <\/b><span style=\"font-weight: 400;\">non sono in alcun modo gestiti processi decisionali automatizzati;<\/span><\/li>\n<li style=\"font-weight: 400;\" aria-level=\"1\"><b>diritti dell\u2019interessato:<\/b><span style=\"font-weight: 400;\"> lei gode di tutti i diritti sanciti dal Regolamento Europeo, quali il diritto di chiedere l&#8217;accesso ai dati personali e la loro rettifica, la cancellazione degli stessi, la limitazione del trattamento, il diritto di opporsi al loro trattamento, oltre al diritto alla portabilit\u00e0 dei dati. Ha inoltre il diritto di proporre reclamo all\u2019Autorit\u00e0 di controllo;<\/span><\/li>\n<li style=\"font-weight: 400;\" aria-level=\"1\"><b>trasferimenti presso paesi terzi: <\/b><span style=\"font-weight: 400;\">eventuali trasferimenti di dati personali a un paese terzo al di fuori dell\u2019Unione Europea o ad un&#8217;organizzazione internazionale avverranno sulla base di una decisione di adeguatezza della Commissione o, nel caso dei trasferimenti di cui agli articoli 46, 47 o 49, secondo comma, del Regolamento Europeo, sulla base di garanzie appropriate ed opportune;<\/span><\/li>\n<li style=\"font-weight: 400;\" aria-level=\"1\"><b>periodo di conservazione dei dati: <\/b><span style=\"font-weight: 400;\">i dati verranno conservati per il periodo strettamente necessario per far fronte alle richieste dell\u2019interessato od in base a quanto previsto dalle normative vigenti o da eventuali clausole contrattuali;<\/span><\/li>\n<li style=\"font-weight: 400;\" aria-level=\"1\"><b>titolare:<\/b><span style=\"font-weight: 400;\"> titolare del trattamento \u00e8 Wateralia S.p.A., con sede in Milano (MI), Piazza Fontana n. 6, nella persona del legale rappresentante pro tempore.<\/span><\/li>\n<\/ol>\n<p><span style=\"font-weight: 400;\">La presente informativa potr\u00e0 essere integrata, oralmente o per iscritto, con ulteriori elementi ed indicazioni, per soddisfare al meglio qualunque sua esigenza conoscitiva in materia \u201cPrivacy\u201d e per assecondare l\u2019evoluzione normativa.<\/span><\/p>\n<p>&nbsp;<\/p>\n<p><span style=\"font-weight: 400;\">Milano, 29\/11\/2023<\/span> <span style=\"font-weight: 400;\"> \u00a0 \u00a0 \u00a0 \u00a0 \u00a0 \u00a0 \u00a0 \u00a0 \u00a0 \u00a0 <\/span><\/p>\n<p><span style=\"font-weight: 400;\">Il Titolare del trattamento\u00a0<\/span><\/p>\n<p><span style=\"font-weight: 400;\">Wateralia S.p.A.<\/span>[\/vc_column_text][\/vc_column_inner][\/vc_row_inner][\/vc_column][\/vc_row]\n","protected":false},"excerpt":{"rendered":"<p>[vc_row type=&#8221;full_width_content&#8221; full_screen_row_position=&#8221;middle&#8221; column_margin=&#8221;default&#8221; column_direction=&#8221;default&#8221; column_direction_tablet=&#8221;default&#8221; column_direction_phone=&#8221;default&#8221; scene_position=&#8221;center&#8221; text_color=&#8221;dark&#8221; text_align=&#8221;left&#8221; row_border_radius=&#8221;none&#8221; row_border_radius_applies=&#8221;bg&#8221; overflow=&#8221;visible&#8221; overlay_strength=&#8221;0.3&#8243; gradient_direction=&#8221;left_to_right&#8221; shape_divider_position=&#8221;bottom&#8221; bg_image_animation=&#8221;none&#8221; gradient_type=&#8221;default&#8221; shape_type=&#8221;&#8221;][vc_column top_padding_desktop=&#8221;6%&#8221; constrain_group_100=&#8221;yes&#8221; bottom_padding_desktop=&#8221;6%&#8221; left_padding_desktop=&#8221;10%&#8221; constrain_group_102=&#8221;yes&#8221; left_padding_tablet=&#8221;5%&#8221; constrain_group_103=&#8221;yes&#8221; right_padding_tablet=&#8221;5%&#8221; top_padding_phone=&#8221;10%&#8221; bottom_padding_phone=&#8221;5%&#8221; left_padding_phone=&#8221;5%&#8221;&#8230;<\/p>\n","protected":false},"author":1,"featured_media":0,"parent":0,"menu_order":0,"comment_status":"closed","ping_status":"closed","template":"","meta":{"footnotes":""},"class_list":["post-750","page","type-page","status-publish"],"yoast_head":"<!-- This site is optimized with the Yoast SEO plugin v27.3 - https:\/\/yoast.com\/product\/yoast-seo-wordpress\/ -->\n<title>Privacy Policy per clienti e fornitori - wateralia<\/title>\n<meta name=\"robots\" content=\"index, follow, max-snippet:-1, max-image-preview:large, max-video-preview:-1\" \/>\n<link rel=\"canonical\" href=\"https:\/\/wateralia.com\/it\/privacy-policy-per-clienti-e-fornitori\/\" \/>\n<meta property=\"og:locale\" content=\"it_IT\" \/>\n<meta property=\"og:type\" content=\"article\" \/>\n<meta property=\"og:title\" content=\"Privacy Policy per clienti e fornitori - wateralia\" \/>\n<meta property=\"og:description\" content=\"[vc_row type=&#8221;full_width_content&#8221; full_screen_row_position=&#8221;middle&#8221; column_margin=&#8221;default&#8221; column_direction=&#8221;default&#8221; column_direction_tablet=&#8221;default&#8221; column_direction_phone=&#8221;default&#8221; scene_position=&#8221;center&#8221; text_color=&#8221;dark&#8221; text_align=&#8221;left&#8221; row_border_radius=&#8221;none&#8221; row_border_radius_applies=&#8221;bg&#8221; overflow=&#8221;visible&#8221; overlay_strength=&#8221;0.3&#8243; gradient_direction=&#8221;left_to_right&#8221; shape_divider_position=&#8221;bottom&#8221; bg_image_animation=&#8221;none&#8221; gradient_type=&#8221;default&#8221; shape_type=&#8221;&#8221;][vc_column top_padding_desktop=&#8221;6%&#8221; constrain_group_100=&#8221;yes&#8221; bottom_padding_desktop=&#8221;6%&#8221; left_padding_desktop=&#8221;10%&#8221; constrain_group_102=&#8221;yes&#8221; left_padding_tablet=&#8221;5%&#8221; constrain_group_103=&#8221;yes&#8221; right_padding_tablet=&#8221;5%&#8221; top_padding_phone=&#8221;10%&#8221; bottom_padding_phone=&#8221;5%&#8221; left_padding_phone=&#8221;5%&#8221;...\" \/>\n<meta property=\"og:url\" content=\"https:\/\/wateralia.com\/it\/privacy-policy-per-clienti-e-fornitori\/\" \/>\n<meta property=\"og:site_name\" content=\"wateralia\" \/>\n<meta property=\"article:modified_time\" content=\"2024-03-07T12:45:00+00:00\" \/>\n<meta name=\"twitter:card\" content=\"summary_large_image\" \/>\n<meta name=\"twitter:label1\" content=\"Tempo di lettura stimato\" \/>\n\t<meta name=\"twitter:data1\" content=\"8 minuti\" \/>\n<script type=\"application\/ld+json\" class=\"yoast-schema-graph\">{\"@context\":\"https:\\\/\\\/schema.org\",\"@graph\":[{\"@type\":\"WebPage\",\"@id\":\"https:\\\/\\\/wateralia.com\\\/it\\\/privacy-policy-per-clienti-e-fornitori\\\/\",\"url\":\"https:\\\/\\\/wateralia.com\\\/it\\\/privacy-policy-per-clienti-e-fornitori\\\/\",\"name\":\"Privacy Policy per clienti e fornitori - wateralia\",\"isPartOf\":{\"@id\":\"https:\\\/\\\/wateralia.com\\\/it\\\/#website\"},\"datePublished\":\"2024-01-30T10:23:59+00:00\",\"dateModified\":\"2024-03-07T12:45:00+00:00\",\"breadcrumb\":{\"@id\":\"https:\\\/\\\/wateralia.com\\\/it\\\/privacy-policy-per-clienti-e-fornitori\\\/#breadcrumb\"},\"inLanguage\":\"it-IT\",\"potentialAction\":[{\"@type\":\"ReadAction\",\"target\":[\"https:\\\/\\\/wateralia.com\\\/it\\\/privacy-policy-per-clienti-e-fornitori\\\/\"]}]},{\"@type\":\"BreadcrumbList\",\"@id\":\"https:\\\/\\\/wateralia.com\\\/it\\\/privacy-policy-per-clienti-e-fornitori\\\/#breadcrumb\",\"itemListElement\":[{\"@type\":\"ListItem\",\"position\":1,\"name\":\"Home\",\"item\":\"https:\\\/\\\/wateralia.com\\\/it\\\/\"},{\"@type\":\"ListItem\",\"position\":2,\"name\":\"Privacy Policy per clienti e fornitori\"}]},{\"@type\":\"WebSite\",\"@id\":\"https:\\\/\\\/wateralia.com\\\/it\\\/#website\",\"url\":\"https:\\\/\\\/wateralia.com\\\/it\\\/\",\"name\":\"wateralia\",\"description\":\"\",\"publisher\":{\"@id\":\"https:\\\/\\\/wateralia.com\\\/it\\\/#organization\"},\"potentialAction\":[{\"@type\":\"SearchAction\",\"target\":{\"@type\":\"EntryPoint\",\"urlTemplate\":\"https:\\\/\\\/wateralia.com\\\/it\\\/?s={search_term_string}\"},\"query-input\":{\"@type\":\"PropertyValueSpecification\",\"valueRequired\":true,\"valueName\":\"search_term_string\"}}],\"inLanguage\":\"it-IT\"},{\"@type\":\"Organization\",\"@id\":\"https:\\\/\\\/wateralia.com\\\/it\\\/#organization\",\"name\":\"wateralia\",\"url\":\"https:\\\/\\\/wateralia.com\\\/it\\\/\",\"logo\":{\"@type\":\"ImageObject\",\"inLanguage\":\"it-IT\",\"@id\":\"https:\\\/\\\/wateralia.com\\\/it\\\/#\\\/schema\\\/logo\\\/image\\\/\",\"url\":\"https:\\\/\\\/wateralia.com\\\/wp-content\\\/uploads\\\/2023\\\/08\\\/dlogo-wateralia-.png\",\"contentUrl\":\"https:\\\/\\\/wateralia.com\\\/wp-content\\\/uploads\\\/2023\\\/08\\\/dlogo-wateralia-.png\",\"width\":564,\"height\":91,\"caption\":\"wateralia\"},\"image\":{\"@id\":\"https:\\\/\\\/wateralia.com\\\/it\\\/#\\\/schema\\\/logo\\\/image\\\/\"}}]}<\/script>\n<!-- \/ Yoast SEO plugin. -->","yoast_head_json":{"title":"Privacy Policy per clienti e fornitori - wateralia","robots":{"index":"index","follow":"follow","max-snippet":"max-snippet:-1","max-image-preview":"max-image-preview:large","max-video-preview":"max-video-preview:-1"},"canonical":"https:\/\/wateralia.com\/it\/privacy-policy-per-clienti-e-fornitori\/","og_locale":"it_IT","og_type":"article","og_title":"Privacy Policy per clienti e fornitori - wateralia","og_description":"[vc_row type=&#8221;full_width_content&#8221; full_screen_row_position=&#8221;middle&#8221; column_margin=&#8221;default&#8221; column_direction=&#8221;default&#8221; column_direction_tablet=&#8221;default&#8221; column_direction_phone=&#8221;default&#8221; scene_position=&#8221;center&#8221; text_color=&#8221;dark&#8221; text_align=&#8221;left&#8221; row_border_radius=&#8221;none&#8221; row_border_radius_applies=&#8221;bg&#8221; overflow=&#8221;visible&#8221; overlay_strength=&#8221;0.3&#8243; gradient_direction=&#8221;left_to_right&#8221; shape_divider_position=&#8221;bottom&#8221; bg_image_animation=&#8221;none&#8221; gradient_type=&#8221;default&#8221; shape_type=&#8221;&#8221;][vc_column top_padding_desktop=&#8221;6%&#8221; constrain_group_100=&#8221;yes&#8221; bottom_padding_desktop=&#8221;6%&#8221; left_padding_desktop=&#8221;10%&#8221; constrain_group_102=&#8221;yes&#8221; left_padding_tablet=&#8221;5%&#8221; constrain_group_103=&#8221;yes&#8221; right_padding_tablet=&#8221;5%&#8221; top_padding_phone=&#8221;10%&#8221; bottom_padding_phone=&#8221;5%&#8221; left_padding_phone=&#8221;5%&#8221;...","og_url":"https:\/\/wateralia.com\/it\/privacy-policy-per-clienti-e-fornitori\/","og_site_name":"wateralia","article_modified_time":"2024-03-07T12:45:00+00:00","twitter_card":"summary_large_image","twitter_misc":{"Tempo di lettura stimato":"8 minuti"},"schema":{"@context":"https:\/\/schema.org","@graph":[{"@type":"WebPage","@id":"https:\/\/wateralia.com\/it\/privacy-policy-per-clienti-e-fornitori\/","url":"https:\/\/wateralia.com\/it\/privacy-policy-per-clienti-e-fornitori\/","name":"Privacy Policy per clienti e fornitori - wateralia","isPartOf":{"@id":"https:\/\/wateralia.com\/it\/#website"},"datePublished":"2024-01-30T10:23:59+00:00","dateModified":"2024-03-07T12:45:00+00:00","breadcrumb":{"@id":"https:\/\/wateralia.com\/it\/privacy-policy-per-clienti-e-fornitori\/#breadcrumb"},"inLanguage":"it-IT","potentialAction":[{"@type":"ReadAction","target":["https:\/\/wateralia.com\/it\/privacy-policy-per-clienti-e-fornitori\/"]}]},{"@type":"BreadcrumbList","@id":"https:\/\/wateralia.com\/it\/privacy-policy-per-clienti-e-fornitori\/#breadcrumb","itemListElement":[{"@type":"ListItem","position":1,"name":"Home","item":"https:\/\/wateralia.com\/it\/"},{"@type":"ListItem","position":2,"name":"Privacy Policy per clienti e fornitori"}]},{"@type":"WebSite","@id":"https:\/\/wateralia.com\/it\/#website","url":"https:\/\/wateralia.com\/it\/","name":"wateralia","description":"","publisher":{"@id":"https:\/\/wateralia.com\/it\/#organization"},"potentialAction":[{"@type":"SearchAction","target":{"@type":"EntryPoint","urlTemplate":"https:\/\/wateralia.com\/it\/?s={search_term_string}"},"query-input":{"@type":"PropertyValueSpecification","valueRequired":true,"valueName":"search_term_string"}}],"inLanguage":"it-IT"},{"@type":"Organization","@id":"https:\/\/wateralia.com\/it\/#organization","name":"wateralia","url":"https:\/\/wateralia.com\/it\/","logo":{"@type":"ImageObject","inLanguage":"it-IT","@id":"https:\/\/wateralia.com\/it\/#\/schema\/logo\/image\/","url":"https:\/\/wateralia.com\/wp-content\/uploads\/2023\/08\/dlogo-wateralia-.png","contentUrl":"https:\/\/wateralia.com\/wp-content\/uploads\/2023\/08\/dlogo-wateralia-.png","width":564,"height":91,"caption":"wateralia"},"image":{"@id":"https:\/\/wateralia.com\/it\/#\/schema\/logo\/image\/"}}]}},"_links":{"self":[{"href":"https:\/\/wateralia.com\/it\/wp-json\/wp\/v2\/pages\/750","targetHints":{"allow":["GET"]}}],"collection":[{"href":"https:\/\/wateralia.com\/it\/wp-json\/wp\/v2\/pages"}],"about":[{"href":"https:\/\/wateralia.com\/it\/wp-json\/wp\/v2\/types\/page"}],"author":[{"embeddable":true,"href":"https:\/\/wateralia.com\/it\/wp-json\/wp\/v2\/users\/1"}],"replies":[{"embeddable":true,"href":"https:\/\/wateralia.com\/it\/wp-json\/wp\/v2\/comments?post=750"}],"version-history":[{"count":0,"href":"https:\/\/wateralia.com\/it\/wp-json\/wp\/v2\/pages\/750\/revisions"}],"wp:attachment":[{"href":"https:\/\/wateralia.com\/it\/wp-json\/wp\/v2\/media?parent=750"}],"curies":[{"name":"wp","href":"https:\/\/api.w.org\/{rel}","templated":true}]}}